{"id":87,"date":"2021-02-10T18:08:39","date_gmt":"2021-02-10T18:08:39","guid":{"rendered":"http:\/\/piesold.eu\/?page_id=87"},"modified":"2021-02-12T16:03:19","modified_gmt":"2021-02-12T16:03:19","slug":"buecher","status":"publish","type":"page","link":"https:\/\/piesold.eu\/?page_id=87","title":{"rendered":"B\u00fccher"},"content":{"rendered":"\n<figure class=\"wp-block-image is-resized\"><img loading=\"lazy\" decoding=\"async\" src=\"http:\/\/piesold.eu\/wp-content\/uploads\/2021\/02\/Cover.jpg\" alt=\"\" class=\"wp-image-94\" width=\"321\" height=\"449\" srcset=\"https:\/\/piesold.eu\/wp-content\/uploads\/2021\/02\/Cover.jpg 496w, https:\/\/piesold.eu\/wp-content\/uploads\/2021\/02\/Cover-214x300.jpg 214w\" sizes=\"auto, (max-width: 321px) 100vw, 321px\" \/><\/figure>\n\n\n\n<h3 class=\"wp-block-heading\">Kommunales E-Government <\/h3>\n\n\n\n<p>Grundlagen und Bausteine zur Digitalisierung der Verwaltung<\/p>\n\n\n\n<p>(erscheint Q1\/2021)<\/p>\n\n\n\n<p>Die digitale Transformation gro\u00dfer Teile unserer Gesellschaft ist nicht mehr aufzuhalten. Verwaltung 4.0. \u00fcbertr\u00e4gt den Gedanken der Industrie 4.0 auf Leistungen, die der Staat, die L\u00e4nder und die Kommunen erbringen. Dabei wird eine einfache Transformation der bestehenden Verwaltungsabl\u00e4ufe auf die neuen Technologien nicht ausreichen. Eine digitale Stadt erfordert &#8211; auch Entwicklungen im Bereich der k\u00fcnstlichen Intelligenz &#8211; in Zukunft andere Verwaltungs- und Kommunikationsstrukturen. Das Buch beschreibt anschaulich die Ursachen, notwendigen Ver\u00e4nderungen und gesetzlichen Grundlagen der Digitalisierung im kommunalen E-Government. Die Begriffe Smart City, Smart County oder Smart Region verdeutlichen dabei das langfristige Ziel. au\u00dferdem werden die technischen Voraussetzungen, organisatorischen Prozesse und Handlungsfelder des E-Government an zahlreichen Beispielen dargestellt.   <\/p>\n\n\n\n<h3 class=\"wp-block-heading\">Kommunales Beteiligungsmanagement und -controlling<\/h3>\n\n\n\n<figure class=\"wp-block-image is-resized\"><img loading=\"lazy\" decoding=\"async\" src=\"http:\/\/piesold.eu\/wp-content\/uploads\/2021\/02\/2017-Piesold-BM-Cover-732x1024.jpg\" alt=\"\" class=\"wp-image-104\" width=\"352\" height=\"491\" srcset=\"https:\/\/piesold.eu\/wp-content\/uploads\/2021\/02\/2017-Piesold-BM-Cover-732x1024.jpg 732w, https:\/\/piesold.eu\/wp-content\/uploads\/2021\/02\/2017-Piesold-BM-Cover-215x300.jpg 215w, https:\/\/piesold.eu\/wp-content\/uploads\/2021\/02\/2017-Piesold-BM-Cover-768x1074.jpg 768w, https:\/\/piesold.eu\/wp-content\/uploads\/2021\/02\/2017-Piesold-BM-Cover.jpg 1989w\" sizes=\"auto, (max-width: 352px) 100vw, 352px\" \/><\/figure>\n\n\n\n<p>Kommunen verlagern ihre Aufgaben zunehmend in Beteiligungen. Damit stellt sich die Frage nach der Steuerung einer Stadt neu. Der &#8222;Konzern Stadt&#8220; ben\u00f6tigt Gesamtsteuerungsinstrumente, die sowohl die Kernverwaltung als auch die Beteiligungen einbeziehen. Neben Grundlagen des kommunalen Beteiligungsmanagements werden in diesem Buch verschiedene Steuerungs- und Controllingkonzepte behandelt und anhand von zwei St\u00e4dten und einem Landkreis beispielhaft vertieft.<\/p>\n\n\n\n<ul class=\"wp-block-list\"><li>Grundlegender \u00dcberblick \u00fcber kommunales Beteiligungsmanagement<\/li><li>Darstellung und Bewertung von operativen und strategischen Controllingkonzepten<\/li><li>Beispiele aus der Praxis<\/li><\/ul>\n","protected":false},"excerpt":{"rendered":"<p>Kommunales E-Government Grundlagen und Bausteine zur Digitalisierung der Verwaltung (erscheint Q1\/2021) Die digitale Transformation gro\u00dfer Teile unserer Gesellschaft ist nicht mehr aufzuhalten. Verwaltung 4.0. \u00fcbertr\u00e4gt den Gedanken der Industrie 4.0 auf Leistungen, die der Staat, die L\u00e4nder und die Kommunen erbringen. Dabei wird eine einfache Transformation der bestehenden Verwaltungsabl\u00e4ufe auf die neuen Technologien nicht ausreichen&#8230;.<\/p>\n","protected":false},"author":1,"featured_media":0,"parent":0,"menu_order":0,"comment_status":"closed","ping_status":"closed","template":"","meta":{"footnotes":""},"class_list":["post-87","page","type-page","status-publish","hentry"],"_links":{"self":[{"href":"https:\/\/piesold.eu\/index.php?rest_route=\/wp\/v2\/pages\/87","targetHints":{"allow":["GET"]}}],"collection":[{"href":"https:\/\/piesold.eu\/index.php?rest_route=\/wp\/v2\/pages"}],"about":[{"href":"https:\/\/piesold.eu\/index.php?rest_route=\/wp\/v2\/types\/page"}],"author":[{"embeddable":true,"href":"https:\/\/piesold.eu\/index.php?rest_route=\/wp\/v2\/users\/1"}],"replies":[{"embeddable":true,"href":"https:\/\/piesold.eu\/index.php?rest_route=%2Fwp%2Fv2%2Fcomments&post=87"}],"version-history":[{"count":7,"href":"https:\/\/piesold.eu\/index.php?rest_route=\/wp\/v2\/pages\/87\/revisions"}],"predecessor-version":[{"id":105,"href":"https:\/\/piesold.eu\/index.php?rest_route=\/wp\/v2\/pages\/87\/revisions\/105"}],"wp:attachment":[{"href":"https:\/\/piesold.eu\/index.php?rest_route=%2Fwp%2Fv2%2Fmedia&parent=87"}],"curies":[{"name":"wp","href":"https:\/\/api.w.org\/{rel}","templated":true}]}}