{"id":2,"date":"2016-05-10T03:48:21","date_gmt":"2016-05-10T03:48:21","guid":{"rendered":"http:\/\/piesold.eu\/?page_id=2"},"modified":"2026-03-18T12:40:40","modified_gmt":"2026-03-18T12:40:40","slug":"sample-page","status":"publish","type":"page","link":"https:\/\/piesold.eu\/","title":{"rendered":""},"content":{"rendered":"<div class=\"wp-block-image\">\n<figure class=\"aligncenter is-resized\"><img loading=\"lazy\" decoding=\"async\" width=\"709\" height=\"1024\" src=\"http:\/\/piesold.eu\/wp-content\/uploads\/2021\/02\/Piesold_1-klein-1-709x1024.jpg\" alt=\"\" class=\"wp-image-26\" style=\"width:253px;height:365px\" srcset=\"https:\/\/piesold.eu\/wp-content\/uploads\/2021\/02\/Piesold_1-klein-1-709x1024.jpg 709w, https:\/\/piesold.eu\/wp-content\/uploads\/2021\/02\/Piesold_1-klein-1-208x300.jpg 208w, https:\/\/piesold.eu\/wp-content\/uploads\/2021\/02\/Piesold_1-klein-1-768x1109.jpg 768w, https:\/\/piesold.eu\/wp-content\/uploads\/2021\/02\/Piesold_1-klein-1.jpg 1063w\" sizes=\"auto, (max-width: 709px) 100vw, 709px\" \/><\/figure>\n<\/div>\n\n<h1 class=\"entry-header\"><strong>Herzlich willkommen auf meiner Internetseite.<\/strong><\/h1>\n<div class=\"entry-content\">\n<p>Ich freue mich \u00fcber Ihr Interesse. Die folgenden Seiten sollen Ihnen Auskunft \u00fcber meine Arbeit und Schwerpunkte geben.<\/p>\n<p>Politik, \u00d6konomie und Digitalisierung haben mich immer bewegt. Als ehemaliger Stadtrat der Stadt Hanau hatte ich Gelegenheit diese Schwerpunkte kommunalpolitisch umzusetzen. Ein weites Bet\u00e4tigungsfeld, das gro\u00dfe Potenziale hat und damit erhebliche Gestaltungsm\u00f6glichkeiten er\u00f6ffnet.<\/p>\n<p>Als Honorarprofessor an der Frankfurt University of Applied Sciences kann ich meine praktischen Erfahrungen in Forschung und Lehre weiterentwickeln und weitergeben.<\/p>\n<p>Politik, \u00d6konomie und Umwelt sind f\u00fcr mich deswegen wichtig, da demokratische, liberale Grundstrukturen Eckpfeiler unserer aufgekl\u00e4rten Gesellschaft, unserer Kultur und unseres Staates bilden und unser Land vor totalit\u00e4ren, undemokratischen Angriffen sch\u00fctzen. Freiheit ist nicht nur ein Baustein oder eine S\u00e4ule unseres Gemeinwesens. Freiheit ist das Fundament auf dem unser Staat steht.<\/p>\n<div align=\"center\">We must plan for freedom, and not only for security, if for no other reason than that only freedom can make security secure.<br \/><i>(Karl Popper, Die offenene Gesellschaft und ihre Feinde)<\/i><\/div>\n<\/div>","protected":false},"excerpt":{"rendered":"<p>Herzlich willkommen auf meiner Internetseite. Ich freue mich \u00fcber Ihr Interesse. Die folgenden Seiten sollen Ihnen Auskunft \u00fcber meine Arbeit und Schwerpunkte geben. Politik, \u00d6konomie und Digitalisierung haben mich immer bewegt. Als ehemaliger Stadtrat der Stadt Hanau hatte ich Gelegenheit diese Schwerpunkte kommunalpolitisch umzusetzen. Ein weites Bet\u00e4tigungsfeld, das gro\u00dfe Potenziale hat und damit erhebliche Gestaltungsm\u00f6glichkeiten&#8230;<\/p>\n","protected":false},"author":1,"featured_media":9,"parent":0,"menu_order":0,"comment_status":"closed","ping_status":"closed","template":"","meta":{"footnotes":""},"class_list":["post-2","page","type-page","status-publish","has-post-thumbnail","hentry"],"_links":{"self":[{"href":"https:\/\/piesold.eu\/index.php?rest_route=\/wp\/v2\/pages\/2","targetHints":{"allow":["GET"]}}],"collection":[{"href":"https:\/\/piesold.eu\/index.php?rest_route=\/wp\/v2\/pages"}],"about":[{"href":"https:\/\/piesold.eu\/index.php?rest_route=\/wp\/v2\/types\/page"}],"author":[{"embeddable":true,"href":"https:\/\/piesold.eu\/index.php?rest_route=\/wp\/v2\/users\/1"}],"replies":[{"embeddable":true,"href":"https:\/\/piesold.eu\/index.php?rest_route=%2Fwp%2Fv2%2Fcomments&post=2"}],"version-history":[{"count":16,"href":"https:\/\/piesold.eu\/index.php?rest_route=\/wp\/v2\/pages\/2\/revisions"}],"predecessor-version":[{"id":155,"href":"https:\/\/piesold.eu\/index.php?rest_route=\/wp\/v2\/pages\/2\/revisions\/155"}],"wp:featuredmedia":[{"embeddable":true,"href":"https:\/\/piesold.eu\/index.php?rest_route=\/wp\/v2\/media\/9"}],"wp:attachment":[{"href":"https:\/\/piesold.eu\/index.php?rest_route=%2Fwp%2Fv2%2Fmedia&parent=2"}],"curies":[{"name":"wp","href":"https:\/\/api.w.org\/{rel}","templated":true}]}}