{"id":17,"date":"2021-02-06T19:12:03","date_gmt":"2021-02-06T19:12:03","guid":{"rendered":"http:\/\/piesold.eu\/?page_id=17"},"modified":"2024-05-15T13:27:53","modified_gmt":"2024-05-15T13:27:53","slug":"veroeffentlichungen","status":"publish","type":"page","link":"https:\/\/piesold.eu\/?page_id=17","title":{"rendered":"Ver\u00f6ffentlichungen"},"content":{"rendered":"\n<p><strong>Wissenschaftliche Arbeiten und Ver\u00f6ffentlichungen<\/strong><\/p>\n\n\n\n<p><strong>Dr. Ralf-Rainer Piesold (Stand November 2023)<\/strong><\/p>\n\n\n\n<p><\/p>\n\n\n\n<p><strong>Piesold, R., Ziaei Javid, M. (2024):<\/strong> Gemeinsam im Labor Innovationen schaffen, in: Innovative Verwaltung, Springer Verlag, Heft 4, 2024, Seite 20 &#8211; 23<\/p>\n\n\n\n<p><strong>Piesold, R. (2023):<\/strong> Die Crux mit den standardisierten OZG-Prozessen, in:\u00a0 eGovernment-Computing, 2\/2023, Seite 8<\/p>\n\n\n\n<p><strong>Stark-Watzinger, B.\/L\u00f6hde, A.\/Piesold, R. (2022):<\/strong> Bildung und Wissenschaft in Deutschland &#8211; ein schwieriger Weg zur\u00fcck an die Weltspitze? (Zeitgespr\u00e4ch), in: Liberale Perspektive, 8. Jahrgang, Heft 1, Juni 2022, Seite 4-7&nbsp;<\/p>\n\n\n\n<p><strong>Piesold, R. (2022):<\/strong> E-Learning &#8211; Menschliche Ver\u00f6dung oder Aufbruch zu einem neuen Lernverst\u00e4ndnis, in: Liberale Perspektiven, 8. Jahrgang, Heft 1, Juni 2022, Seite 22 &#8211; 23<\/p>\n\n\n\n<p><strong>Piesold, R. (2021):<\/strong> E-Vox Populi &#8211; mehr E-Democracy wagen, in: Liberale Perspektiven, 7. Jahrgang, Heft 2 Januar 2022, Seite 28 &#8211; 31 <\/p>\n\n\n\n<p><strong>Piesold, R.\/Mankel, C.\/Gardezi, Z. (2021):<\/strong> Neue Kan\u00e4le nutzen, in: Kommune21, Heft 10, 2021, Seite 12-13<\/p>\n\n\n\n<p><strong>Piesold, R.\/Reichhardt, D. (2021):<\/strong> Prozessoptimierung durch Nutzerzentrierung, in: eGovernment-Computing, 7\/2021<\/p>\n\n\n\n<p><strong>Piesold, R. (2021):<\/strong> Passend interagieren \u2013 anthropozentriertes E-Government, in: Kommune21, Heft 7, 2021, Seite 26-27<\/p>\n\n\n\n<p><strong>Piesold, R. (2021):<\/strong> Kommunales eGovernment \u2013 Grundlage und Bausteine zur Digitalisierung der Verwaltung, Lehrbuch, Verlag Springer, Wiesbaden 2021<\/p>\n\n\n\n<p><a href=\"https:\/\/link.springer.com\/book\/10.1007\/978-3-662-63094-5\">https:\/\/link.springer.com\/book\/10.1007\/978-3-662-63094-5<\/a><\/p>\n\n\n\n<p><strong>Piesold, R.\/Sinning, Th. (2020):<\/strong> Corona App \u2013 Spagat zwischen Datenschutz und Infektionsschutz, in: Liberale Perspektiven 7. Jahrgang, Heft 1, August 2020, Seite 32-34<\/p>\n\n\n\n<p><strong>Piesold, R. (2019):<\/strong> Freiheit und Verantwortung im Zeitalter der K\u00fcnstlichen Intelligenz, in: Liberale Perspektiven, 6. Jahrgang, Heft 1, Mai 2019, Seite 27-29&nbsp;<\/p>\n\n\n\n<p><strong>Piesold, R. (2019):<\/strong> Symbiose mit Maschinen? in: Kommune21, Heft 10, 2019, Seite 32-33<\/p>\n\n\n\n<p><strong>Beer, N.\/Piesold, R. (2019): <\/strong>Exzellente Bildung und Forschung in Europa sind unverzichtbar, in: Liberale Perspektiven, 6. Jahrgang, Heft 1, Mai 2019, Seite 16-22<\/p>\n\n\n\n<p><strong>Piesold, R.\/Wissing, V. (2019):<\/strong> Wirtschaft, Europa und Wein, in: Liberale Perspektiven, 6.Jahrgang, Heft 1, Mai 2019, Seite 27-29<\/p>\n\n\n\n<p><strong>Piesold, R. (2018):<\/strong> Christian Lindner: Schattenjahre \u2013 Die R\u00fcckkehr des politischen Liberalismus (Rezension), in: Liberale Perspektive, 5. Jahrgang, Heft 1, Mai 2018, Seite 33-35<\/p>\n\n\n\n<p><strong>Piesold, R.: (2018):<\/strong> Kommunales Beteiligungsmanagement und \u2013controlling, Lehrbuch, Verlag DeGruyter Oldenbourg, M\u00fcnchen 2018<\/p>\n\n\n\n<p><strong>Piesold, R. (2017):<\/strong> Fachhochschule oder University of Applied Sciences, in: Liberale Perspektiven, 4. Jahrgang, Heft 6, Dezember 2017, Seite 35-36<\/p>\n\n\n\n<p><strong>Piesold, R. (2017):<\/strong> E-Government mit Erfolg, in Kommune21, Heft 11, 2017, Seite 8-9<\/p>\n\n\n\n<p><strong>Lindner, Ch.\/Dallheimer, J.\/Piesold, R. (2017): <\/strong>Deutsche Hochschulen d\u00fcrfen nicht ins Mittelma\u00df verfallen, in: Liberale Perspektiven 4. Jahrgang, Heft 5, Seite 4-8<\/p>\n\n\n\n<p><strong>Piesold, R. (2017):<\/strong> 5 Praxis-Tipps zu eGovernment, in: K1 magazin, August 2017, Seite 34-35<\/p>\n\n\n\n<p><strong>Kaminsky, C.\/Piesold, R. (2016):<\/strong> Hanau wird digital, in: Der Neue K\u00e4mmerer &#8211; IT u. Prozess-management, 4\/2016, S. 12<\/p>\n\n\n\n<p><strong>Piesold, R. (2016):<\/strong> Kommune 4.0? Die Digitalisierung wird die Verwaltung ver\u00e4ndern, in:&nbsp; Wirtschaftsraum &#8211; Zeitschrift der IHK Hanau-Gelnhausen-Schl\u00fcchtern, 12\/2016, Seite 48<\/p>\n\n\n\n<p><strong>Lambsdorff, A.\/Piesold, R. (2016): <\/strong>Nationale Alleing\u00e4nge f\u00fchren zu Misstrauen, in: Liberale Perspektiven, 3. Jahrgang, Heft 4, Seite 11-16<\/p>\n\n\n\n<p><strong>Piesold, R. (2016):<\/strong> Strukturen einer effizienten Wirtschaftsf\u00f6rderung, in: Verwaltung &amp; Management, Zeitschrift f\u00fcr moderne Verwaltung. 4\/2016, Seite 194-203<\/p>\n\n\n\n<p><strong>Beer, N.\/ Piesold, R. (2016):<\/strong> Nachhaltigkeit in der FDP, in: Liberale Perspektiven, 3. Jahrgang, Heft 1, 2016, Seite 28-33<\/p>\n\n\n\n<p><strong>Piesold, R. (2016):<\/strong> Smart-City &#8211; Ein Beitrag zur Nachhaltigkeit?, in: Liberale Perspektiven, 3. Jahrgang, Heft 1, 2016, Seite 21-25<\/p>\n\n\n\n<p><strong>Piesold, R. (2015):<\/strong> Entwicklungspotentiale von CleanTech Unternehmen durch eine nachhaltige Stadtentwicklung, in: Oliver Everling (Hrsg.): CleanTech Rating &#8211; Investition und Finanzierung von CleanTech Unternehmen und Projekten, Kindle Edition 2015, Seite 132-144<\/p>\n\n\n\n<p><strong>Piesold, R. (2014): <\/strong>Ist ein kommunales Nachhaltigkeits-Rating sinnvoll, in: Kredit &amp; Rating Praxis Heft 4, 2014<\/p>\n\n\n\n<p><strong>Piesold, R. (1996): <\/strong>Liberale in Hanau &#8211; Beitr\u00e4ge zur Geschichte des Liberalismus in Hanau von 1945 &#8211; 1996, Verlag Werner Dausien, Hanau 1996<\/p>\n\n\n\n<p><strong>De Paoli, M\/Matzner, M.\/Philipp, K.\/Piesold, R. (1993): <\/strong>OPEN ACCESS &#8211; Datenbank, Kalkulation.&nbsp; Grafik, Schulbuch, Verlag Dr. Max Gehlen, Bad Homburg 1993<\/p>\n\n\n\n<p><strong>Piesold, R. (1990):<\/strong> Computer-Based-Education und das Problem der Vermittlung moralischer Urteilsf\u00e4higkeit in der betrieblichen Ausbildung, Dissertation, Frankfurt 1989, Verlag Peter Lang, Reihe Europ\u00e4ische Hochschulschriften, Frankfurt 1990<\/p>\n\n\n\n<p><strong>Piesold, R.\/Sauer, K. (1990): <\/strong>Benutzerorientierter Informatik-Unterricht als Erweiterung bestehender Konzepte?, in: Oberliesen, R.\/Nicol, A. (Hrsg.): Reader zur Didaktik der Datenverarbeitung und Informatik, Verlag der Bildung und Reisen GmbH, Hamburg 1990, Seite 216-219<\/p>\n\n\n\n<p><strong>Piesold, R.\/Sauer, K (1987): <\/strong>Die Konzeption des benutzerorientierten Informatikunterrichts &#8211; eine Erweiterung bestehender Konzepte?, in: LOG IN, 7. Jg. (1987), Heft 3, Seite 36-39<\/p>\n\n\n\n<p><strong>Piesold, R.\/Sauer, K. (1986):<\/strong> Eine Konzeption des benutzerorientierten Informatikunterrichts f\u00fcr kaufm\u00e4nnische Berufsschulen mit integrierter Standardsoftware, in: Puttkamer, Erich v. (Hrsg.): Informatik-Grundbildung in&nbsp; Schule und Beruf, GI-Fachtagungsband, Springer-Verlag, Berlin 1986, Seite 251-260<\/p>\n\n\n\n<p><strong>Piesold, R. (1985):<\/strong> Die Konzeption des benutzerorientierten Ansatzes im Informatikunterricht, dargestellt an einer Unterrichtsreihe &#8222;Programmanalyse&#8220; in der Einj\u00e4hrigen Berufsfachschule f\u00fcr Wirtschaft, p\u00e4dagogische Pr\u00fcfungsarbeit f\u00fcr die zweite Staatspr\u00fcfung, Frankfurt 1985<\/p>\n\n\n\n<p><strong>Hofacker, T.\/Piesold, R. (1983): <\/strong>IASTRA &#8211; Structural analysis of information acquisition process in multiatribute brand choice, in: Journal of Marketing Research, Nov. 1983, Seite 445-446.<\/p>\n\n\n\n<p><strong>Piesold, R. (1980):<\/strong> Darstellung, Analyse und Bewertung von verteilten Datenbanksystemen in Computernetzen, Diplomarbeit, eingereicht am Institut f\u00fcr Wirtschaftsinformatik, Prof. Dr. Niedereichholz Universit\u00e4t Frankfurt, 1980<\/p>\n","protected":false},"excerpt":{"rendered":"<p>Wissenschaftliche Arbeiten und Ver\u00f6ffentlichungen Dr. Ralf-Rainer Piesold (Stand November 2023) Piesold, R., Ziaei Javid, M. (2024): Gemeinsam im Labor Innovationen schaffen, in: Innovative Verwaltung, Springer Verlag, Heft 4, 2024, Seite 20 &#8211; 23 Piesold, R. (2023): Die Crux mit den standardisierten OZG-Prozessen, in:\u00a0 eGovernment-Computing, 2\/2023, Seite 8 Stark-Watzinger, B.\/L\u00f6hde, A.\/Piesold, R. (2022): Bildung und Wissenschaft&#8230;<\/p>\n","protected":false},"author":1,"featured_media":0,"parent":0,"menu_order":0,"comment_status":"closed","ping_status":"closed","template":"","meta":{"footnotes":""},"class_list":["post-17","page","type-page","status-publish","hentry"],"_links":{"self":[{"href":"https:\/\/piesold.eu\/index.php?rest_route=\/wp\/v2\/pages\/17","targetHints":{"allow":["GET"]}}],"collection":[{"href":"https:\/\/piesold.eu\/index.php?rest_route=\/wp\/v2\/pages"}],"about":[{"href":"https:\/\/piesold.eu\/index.php?rest_route=\/wp\/v2\/types\/page"}],"author":[{"embeddable":true,"href":"https:\/\/piesold.eu\/index.php?rest_route=\/wp\/v2\/users\/1"}],"replies":[{"embeddable":true,"href":"https:\/\/piesold.eu\/index.php?rest_route=%2Fwp%2Fv2%2Fcomments&post=17"}],"version-history":[{"count":13,"href":"https:\/\/piesold.eu\/index.php?rest_route=\/wp\/v2\/pages\/17\/revisions"}],"predecessor-version":[{"id":149,"href":"https:\/\/piesold.eu\/index.php?rest_route=\/wp\/v2\/pages\/17\/revisions\/149"}],"wp:attachment":[{"href":"https:\/\/piesold.eu\/index.php?rest_route=%2Fwp%2Fv2%2Fmedia&parent=17"}],"curies":[{"name":"wp","href":"https:\/\/api.w.org\/{rel}","templated":true}]}}